{"id":1227,"date":"2023-05-24T10:30:38","date_gmt":"2023-05-24T10:30:38","guid":{"rendered":"https:\/\/www.katkay.at\/?page_id=1227"},"modified":"2023-05-31T11:03:26","modified_gmt":"2023-05-31T11:03:26","slug":"umbau","status":"publish","type":"page","link":"https:\/\/www.katkay.at\/?page_id=1227","title":{"rendered":"UMBAU"},"content":{"rendered":"\n<h1 class=\"wp-block-heading\"><strong>Umbau vom Profi<\/strong><\/h1>\n\n\n\n<figure class=\"wp-block-image size-large is-resized\"><a href=\"https:\/\/www.katkay.at\/wp-content\/uploads\/2023\/05\/AdobeStock_91951488-scaled.jpeg\"><img fetchpriority=\"high\" decoding=\"async\" src=\"https:\/\/www.katkay.at\/wp-content\/uploads\/2023\/05\/AdobeStock_91951488-1024x684.jpeg\" alt=\"\" class=\"wp-image-1275\" width=\"308\" height=\"206\" srcset=\"https:\/\/www.katkay.at\/wp-content\/uploads\/2023\/05\/AdobeStock_91951488-1024x684.jpeg 1024w, https:\/\/www.katkay.at\/wp-content\/uploads\/2023\/05\/AdobeStock_91951488-scaled-600x401.jpeg 600w, https:\/\/www.katkay.at\/wp-content\/uploads\/2023\/05\/AdobeStock_91951488-300x200.jpeg 300w, https:\/\/www.katkay.at\/wp-content\/uploads\/2023\/05\/AdobeStock_91951488-768x513.jpeg 768w, https:\/\/www.katkay.at\/wp-content\/uploads\/2023\/05\/AdobeStock_91951488-1536x1026.jpeg 1536w, https:\/\/www.katkay.at\/wp-content\/uploads\/2023\/05\/AdobeStock_91951488-2048x1367.jpeg 2048w\" sizes=\"(max-width: 308px) 100vw, 308px\" \/><\/a><\/figure>\n\n\n<div class=\"wp-block-image\">\n<figure class=\"alignright size-large is-resized\"><a href=\"https:\/\/www.katkay.at\/wp-content\/uploads\/2023\/05\/AdobeStock_290502670-scaled.jpeg\"><img decoding=\"async\" src=\"https:\/\/www.katkay.at\/wp-content\/uploads\/2023\/05\/AdobeStock_290502670-1024x683.jpeg\" alt=\"\" class=\"wp-image-1252\" width=\"333\" height=\"221\" srcset=\"https:\/\/www.katkay.at\/wp-content\/uploads\/2023\/05\/AdobeStock_290502670-1024x683.jpeg 1024w, https:\/\/www.katkay.at\/wp-content\/uploads\/2023\/05\/AdobeStock_290502670-scaled-600x400.jpeg 600w, https:\/\/www.katkay.at\/wp-content\/uploads\/2023\/05\/AdobeStock_290502670-300x200.jpeg 300w, https:\/\/www.katkay.at\/wp-content\/uploads\/2023\/05\/AdobeStock_290502670-768x512.jpeg 768w, https:\/\/www.katkay.at\/wp-content\/uploads\/2023\/05\/AdobeStock_290502670-1536x1024.jpeg 1536w, https:\/\/www.katkay.at\/wp-content\/uploads\/2023\/05\/AdobeStock_290502670-2048x1365.jpeg 2048w\" sizes=\"(max-width: 333px) 100vw, 333px\" \/><\/a><\/figure><\/div>\n\n\n<p>Sie f\u00fchlen sich in den eigenen vier W\u00e4nden nicht mehr wohl?<\/p>\n\n\n\n<p>Manchmal ist es n\u00f6tig bei einem bestehenden Geb\u00e4ude etwas zu \u00e4ndern \u2013 ein&nbsp;<strong>Umbau steht an<\/strong>.<\/p>\n\n\n<div class=\"wp-block-image\">\n<figure class=\"alignleft size-large is-resized\"><a href=\"https:\/\/www.katkay.at\/wp-content\/uploads\/2023\/05\/AdobeStock_374282165-scaled.jpeg\"><img decoding=\"async\" src=\"https:\/\/www.katkay.at\/wp-content\/uploads\/2023\/05\/AdobeStock_374282165-1024x683.jpeg\" alt=\"\" class=\"wp-image-1254\" width=\"331\" height=\"220\" srcset=\"https:\/\/www.katkay.at\/wp-content\/uploads\/2023\/05\/AdobeStock_374282165-1024x683.jpeg 1024w, https:\/\/www.katkay.at\/wp-content\/uploads\/2023\/05\/AdobeStock_374282165-scaled-600x400.jpeg 600w, https:\/\/www.katkay.at\/wp-content\/uploads\/2023\/05\/AdobeStock_374282165-300x200.jpeg 300w, https:\/\/www.katkay.at\/wp-content\/uploads\/2023\/05\/AdobeStock_374282165-768x512.jpeg 768w, https:\/\/www.katkay.at\/wp-content\/uploads\/2023\/05\/AdobeStock_374282165-1536x1024.jpeg 1536w, https:\/\/www.katkay.at\/wp-content\/uploads\/2023\/05\/AdobeStock_374282165-2048x1365.jpeg 2048w\" sizes=\"(max-width: 331px) 100vw, 331px\" \/><\/a><\/figure><\/div>\n\n\n<p><strong>KATKAY-Bau GmbH<\/strong>, Ihr Bauunternehmen aus dem Burgenland  bei Wimpassin \/Leitha ist der kompetenter Partner f\u00fcr&nbsp;<strong>Umbauarbeiten aller Art<\/strong>.<\/p>\n\n\n\n<p>Zu unseren Leistungen z\u00e4hlt jede Form des Rohbaus vom&nbsp;<strong>entfernen st\u00f6render W\u00e4nde<\/strong>&nbsp;bis hin&nbsp;<strong>zum&nbsp;<a href=\"https:\/\/bauunternehmen-miesbach.de\/verputzen-daemmen-abbruch\/\">D\u00e4mmen<\/a>&nbsp;der Au\u00dfenwand und dem&nbsp;<a href=\"https:\/\/bauunternehmen-miesbach.de\/verputzen-daemmen-abbruch\/\">Verputzen<\/a>&nbsp;Ihres Geb\u00e4udes<\/strong>. Auch&nbsp;<strong>Renovieren<\/strong>&nbsp;und&nbsp;<strong>Sanieren<\/strong>&nbsp;wir Ihre Wohnung, insbesondere Ihr&nbsp;<strong>Bad<\/strong>.<\/p>\n\n\n\n<p><strong>Anfallender Schutt und Abfall wird von uns anschlie\u00dfend fachm\u00e4nnisch entsorgt.<\/strong><\/p>\n","protected":false},"excerpt":{"rendered":"<p>Umbau vom Profi Sie f\u00fchlen sich in den eigenen vier W\u00e4nden nicht mehr wohl? Manchmal ist es n\u00f6tig bei einem bestehenden Geb\u00e4ude etwas zu \u00e4ndern \u2013 ein&nbsp;Umbau steht an. KATKAY-Bau GmbH, Ihr Bauunternehmen aus dem Burgenland bei Wimpassin \/Leitha ist<\/p>\n","protected":false},"author":1,"featured_media":0,"parent":0,"menu_order":0,"comment_status":"closed","ping_status":"closed","template":"","meta":{"footnotes":""},"_links":{"self":[{"href":"https:\/\/www.katkay.at\/index.php?rest_route=\/wp\/v2\/pages\/1227"}],"collection":[{"href":"https:\/\/www.katkay.at\/index.php?rest_route=\/wp\/v2\/pages"}],"about":[{"href":"https:\/\/www.katkay.at\/index.php?rest_route=\/wp\/v2\/types\/page"}],"author":[{"embeddable":true,"href":"https:\/\/www.katkay.at\/index.php?rest_route=\/wp\/v2\/users\/1"}],"replies":[{"embeddable":true,"href":"https:\/\/www.katkay.at\/index.php?rest_route=%2Fwp%2Fv2%2Fcomments&post=1227"}],"version-history":[{"count":4,"href":"https:\/\/www.katkay.at\/index.php?rest_route=\/wp\/v2\/pages\/1227\/revisions"}],"predecessor-version":[{"id":1276,"href":"https:\/\/www.katkay.at\/index.php?rest_route=\/wp\/v2\/pages\/1227\/revisions\/1276"}],"wp:attachment":[{"href":"https:\/\/www.katkay.at\/index.php?rest_route=%2Fwp%2Fv2%2Fmedia&parent=1227"}],"curies":[{"name":"wp","href":"https:\/\/api.w.org\/{rel}","templated":true}]}}