{"id":1221,"date":"2023-05-24T09:44:40","date_gmt":"2023-05-24T09:44:40","guid":{"rendered":"https:\/\/www.katkay.at\/?page_id=1221"},"modified":"2023-05-31T11:08:20","modified_gmt":"2023-05-31T11:08:20","slug":"neubau","status":"publish","type":"page","link":"https:\/\/www.katkay.at\/?page_id=1221","title":{"rendered":"NEUBAU"},"content":{"rendered":"\n<figure class=\"wp-block-image size-large is-resized\"><a href=\"https:\/\/www.katkay.at\/wp-content\/uploads\/2023\/05\/AdobeStock_233395580-scaled.jpeg\"><img fetchpriority=\"high\" decoding=\"async\" src=\"https:\/\/www.katkay.at\/wp-content\/uploads\/2023\/05\/AdobeStock_233395580-1024x684.jpeg\" alt=\"\" class=\"wp-image-1271\" width=\"374\" height=\"250\" srcset=\"https:\/\/www.katkay.at\/wp-content\/uploads\/2023\/05\/AdobeStock_233395580-1024x684.jpeg 1024w, https:\/\/www.katkay.at\/wp-content\/uploads\/2023\/05\/AdobeStock_233395580-scaled-600x401.jpeg 600w, https:\/\/www.katkay.at\/wp-content\/uploads\/2023\/05\/AdobeStock_233395580-300x200.jpeg 300w, https:\/\/www.katkay.at\/wp-content\/uploads\/2023\/05\/AdobeStock_233395580-768x513.jpeg 768w, https:\/\/www.katkay.at\/wp-content\/uploads\/2023\/05\/AdobeStock_233395580-1536x1025.jpeg 1536w, https:\/\/www.katkay.at\/wp-content\/uploads\/2023\/05\/AdobeStock_233395580-2048x1367.jpeg 2048w\" sizes=\"(max-width: 374px) 100vw, 374px\" \/><\/a><\/figure>\n\n\n\n<p>Der Traum vom&nbsp;<strong>Neubau<\/strong>&nbsp;eines Eigenheims ist mit der KATKAY-Bau GmbH kein Traum \u2013 es ist Ihre Vision mit Perfektion von der KATKAY-Bau GmbH in die Realit\u00e4t umgesetzt. Jedes Geb\u00e4ude war zun\u00e4chst nur eine Idee, eine Traumvorstellung oder eine Vision. Heute scheint die Kreativit\u00e4t der Bauherren beinahe keine Grenzen zu kennen und dies hat zu einem Strukturwandel im Baugewerbe gef\u00fchrt. Haben sich vor wenigen Jahren Bauunternehmen mit der Errichtung von Rohbauten zufrieden gegeben und die Fertigstellung diversen Handwerksunternehmen \u00fcberlassen, reicht dies heute f\u00fcr ein modernes Bauunternehmen nicht mehr aus. Der Kunde verlangt beim Neubau ein Schl\u00fcsselfertigbauprojekt. F\u00fcr die KATKAY-Bau GmbH aus Wimpassing \/ Leitha ist der Kundenwunsch eines Schl\u00fcsselfertigbauprojektes allt\u00e4gliche Routine bei pr\u00e4ziser Ausf\u00fchrung.<\/p>\n\n\n<div class=\"wp-block-image\">\n<figure class=\"aligncenter size-large is-resized\"><a href=\"https:\/\/www.katkay.at\/wp-content\/uploads\/2023\/05\/AdobeStock_220136466-scaled.jpeg\"><img decoding=\"async\" src=\"https:\/\/www.katkay.at\/wp-content\/uploads\/2023\/05\/AdobeStock_220136466-1024x844.jpeg\" alt=\"\" class=\"wp-image-1249\" width=\"332\" height=\"273\" srcset=\"https:\/\/www.katkay.at\/wp-content\/uploads\/2023\/05\/AdobeStock_220136466-1024x844.jpeg 1024w, https:\/\/www.katkay.at\/wp-content\/uploads\/2023\/05\/AdobeStock_220136466-scaled-600x495.jpeg 600w, https:\/\/www.katkay.at\/wp-content\/uploads\/2023\/05\/AdobeStock_220136466-300x247.jpeg 300w, https:\/\/www.katkay.at\/wp-content\/uploads\/2023\/05\/AdobeStock_220136466-768x633.jpeg 768w, https:\/\/www.katkay.at\/wp-content\/uploads\/2023\/05\/AdobeStock_220136466-1536x1267.jpeg 1536w, https:\/\/www.katkay.at\/wp-content\/uploads\/2023\/05\/AdobeStock_220136466-2048x1689.jpeg 2048w\" sizes=\"(max-width: 332px) 100vw, 332px\" \/><\/a><figcaption class=\"wp-element-caption\">Neubau und Rohbau von einem Doppelhaus<\/figcaption><\/figure><\/div>\n\n<div class=\"wp-block-image\">\n<figure class=\"alignright size-large is-resized\"><a href=\"https:\/\/www.katkay.at\/wp-content\/uploads\/2023\/05\/AdobeStock_211355591.jpeg\"><img decoding=\"async\" src=\"https:\/\/www.katkay.at\/wp-content\/uploads\/2023\/05\/AdobeStock_211355591-1024x683.jpeg\" alt=\"\" class=\"wp-image-1259\" width=\"373\" height=\"248\" srcset=\"https:\/\/www.katkay.at\/wp-content\/uploads\/2023\/05\/AdobeStock_211355591-1024x683.jpeg 1024w, https:\/\/www.katkay.at\/wp-content\/uploads\/2023\/05\/AdobeStock_211355591-600x400.jpeg 600w, https:\/\/www.katkay.at\/wp-content\/uploads\/2023\/05\/AdobeStock_211355591-300x200.jpeg 300w, https:\/\/www.katkay.at\/wp-content\/uploads\/2023\/05\/AdobeStock_211355591-768x512.jpeg 768w, https:\/\/www.katkay.at\/wp-content\/uploads\/2023\/05\/AdobeStock_211355591-1536x1025.jpeg 1536w\" sizes=\"(max-width: 373px) 100vw, 373px\" \/><\/a><\/figure><\/div>\n\n\n<p>Modernes bauen beinhaltet von der Planung \u00fcber die Bauausf\u00fchrung bis hin zur Schl\u00fcssel\u00fcbergabe die Ausf\u00fchrung ausgefeilter Techniken, die Entwicklung flexibler L\u00f6sungen, die Umsetzung komplexer Ma\u00dfnahmen, kurze Ausf\u00fchrungstermine sowie kreative Handhabung versch\u00e4rfter Bedingungen seitens des Gesetzgebers. Die KATKAY-Bau GmbH bietet gesamtheitliche Projektausf\u00fchrung in \u00f6kologisch und \u00f6konomischer Bauweise nach Wunsch des Bauherren, egal ob&nbsp;<strong>Neubauten<\/strong>&nbsp;von Gewerbebauten, Wohnungsgeb\u00e4uden, Einfamilien-, Mehrfamilien- oder Reihenh\u00e4usern, auch \u00fcber die Grenzen vom Burgenland hinaus.<br><br>Ein Neubau betrifft die langfristige Lebensplanung und ist mit einem nicht unerheblichen finanziellen Aufwand verbunden. Damit der zuk\u00fcnftige Bauherr umfassen informiert ist bietet die KATKAY-Bau GmbH von Beginn an intensive Gespr\u00e4che bez\u00fcglich Finanzierung, pers\u00f6nliche Bed\u00fcrfnisse, die aktuelle Lebenssituation sowie zuk\u00fcnftige Entwicklungen. Dadurch kommt es zu keinen b\u00f6sen \u00dcberraschungen und der Traum vom Neubau wird nicht zum Alptraum. In der Planungsphase nimmt der Neubau in einem Entwurf konkrete Formen an. Dabei achtet die KATKAY-Bau GmbH darauf die Vorstellungen des Bauherrn kreativ umzusetzen ohne dabei die n\u00f6tige Flexibilit\u00e4t f\u00fcr zuk\u00fcnftige Entwicklungen zu vernachl\u00e4ssigen.<br><br>Ein ma\u00dfgeschneiderter Neubau ist ein Ausdruck der Pers\u00f6nlichkeit und der Individualit\u00e4t jedes Bauherrn. Nichts zeigt dies so deutlich wie ein Neubau des Eigenheims, denn nirgendwo ist der Anspruch auf individuelle Gestaltung so hoch wie beim Neubau des Eigenheims. Schlie\u00dflich soll alles den eigenen Vorstellungen entsprechen und ein hohes Identifikationspotenzial bieten. Die KATKAY-Bau GmbH verfolgt das Ziel, dass sich die Vorstellungen des Bauherrn voll und ganz im Ergebnis wiederspiegeln und die individuellen W\u00fcnsche verwirklicht werden. Die Herausforderung besteht darin f\u00fcr den Bauherrn das richtige Ma\u00df an Individualit\u00e4t zu finden, denn die zu \u00fcberm\u00e4\u00dfige individuelle Umsetzung des&nbsp;<strong>Neubaus<\/strong>&nbsp;kann die Nachhaltigkeit und Werthaltigkeit der Immobilie beeinflussen. Die KATKAY-Bau GmbH denkt in erster Linie an die Vorgaben des Bauherrn, aber ber\u00e4t intensiv im Hinblick auf ein nachhaltiges Bauen f\u00fcr den Fall eines sp\u00e4teren Verkaufs. Der eigene Neubau eines Eigenheims ist nicht nur Lebensraum, sondern auch ein finanzieller Wert, der optimaler weise einen Mehrwert \u00fcber die Jahre erzielt.<br><br>Neben den gestalterischen M\u00f6glichkeiten spielen die Energieeffizienz, Werthaltigkeit der Materialien, Amortisierungsdauer von diversen Heiz- und Stromanlagen, F\u00f6rdermittel und Witterungsbedingungen eine Rolle beim&nbsp;<strong>Neubau<\/strong>. Ein Neubau eines Eigenheims bedarf mitunter anderer Materialien bez\u00fcglich der Witterungseinfl\u00fcsse im Burgenland. Ein Neubau umfasst viele komplexe Bereiche, die sich der Bauherr bei seinem Traumobjekt zun\u00e4chst nicht vorstellen kann. Die KATKAY-Bau GmbH hat die umfassende Erfahrung bei jedem Mosaikstein des Baugewerbes, damit das fertige Gesamtbild genau Ihren W\u00fcnschen entspricht und sogar Ihre Vorstellungen \u00fcbertrifft. Ob privater Bauherr, Investoren oder Bauherrengemeinschaft, die KATKAY-Bau GmbH realisiert Ihre Ziele und W\u00fcnsche.<br><br><strong>Nachhaltig &#8211; Pr\u00e4zise &#8211; Kompromisslos &#8211; KATKAY Bau GmbH<\/strong><\/p>\n","protected":false},"excerpt":{"rendered":"<p>Der Traum vom&nbsp;Neubau&nbsp;eines Eigenheims ist mit der KATKAY-Bau GmbH kein Traum \u2013 es ist Ihre Vision mit Perfektion von der KATKAY-Bau GmbH in die Realit\u00e4t umgesetzt. Jedes Geb\u00e4ude war zun\u00e4chst nur eine Idee, eine Traumvorstellung oder eine Vision. Heute scheint<\/p>\n","protected":false},"author":1,"featured_media":0,"parent":0,"menu_order":0,"comment_status":"closed","ping_status":"closed","template":"","meta":{"footnotes":""},"_links":{"self":[{"href":"https:\/\/www.katkay.at\/index.php?rest_route=\/wp\/v2\/pages\/1221"}],"collection":[{"href":"https:\/\/www.katkay.at\/index.php?rest_route=\/wp\/v2\/pages"}],"about":[{"href":"https:\/\/www.katkay.at\/index.php?rest_route=\/wp\/v2\/types\/page"}],"author":[{"embeddable":true,"href":"https:\/\/www.katkay.at\/index.php?rest_route=\/wp\/v2\/users\/1"}],"replies":[{"embeddable":true,"href":"https:\/\/www.katkay.at\/index.php?rest_route=%2Fwp%2Fv2%2Fcomments&post=1221"}],"version-history":[{"count":4,"href":"https:\/\/www.katkay.at\/index.php?rest_route=\/wp\/v2\/pages\/1221\/revisions"}],"predecessor-version":[{"id":1278,"href":"https:\/\/www.katkay.at\/index.php?rest_route=\/wp\/v2\/pages\/1221\/revisions\/1278"}],"wp:attachment":[{"href":"https:\/\/www.katkay.at\/index.php?rest_route=%2Fwp%2Fv2%2Fmedia&parent=1221"}],"curies":[{"name":"wp","href":"https:\/\/api.w.org\/{rel}","templated":true}]}}