{"id":1174,"date":"2023-05-16T09:40:54","date_gmt":"2023-05-16T09:40:54","guid":{"rendered":"https:\/\/www.katkay.at\/?page_id=1174"},"modified":"2023-05-31T10:03:56","modified_gmt":"2023-05-31T10:03:56","slug":"schluesselfertige-sanierung","status":"publish","type":"page","link":"https:\/\/www.katkay.at\/?page_id=1174","title":{"rendered":"Schl\u00fcsselfertiges Haus"},"content":{"rendered":"\n<p><strong>KATKAY-Bau GmbH<\/strong> aus Wimpassing\/Leitha  ist Ihr kompetenter Partner f\u00fcr den Bau Ihrs schl\u00fcsselfertigen Hauses. Wir sorgen uns um Ihr Projekt, sodass Ihre Arbeit ab Auftragserteilung erst wieder mit dem Einzug beginnt.<\/p>\n\n\n\n<figure class=\"wp-block-image size-large\"><a href=\"https:\/\/www.katkay.at\/wp-content\/uploads\/2023\/05\/AdobeStock_427666102-scaled.jpeg\"><img fetchpriority=\"high\" decoding=\"async\" width=\"1024\" height=\"683\" src=\"https:\/\/www.katkay.at\/wp-content\/uploads\/2023\/05\/AdobeStock_427666102-1024x683.jpeg\" alt=\"\" class=\"wp-image-1261\" srcset=\"https:\/\/www.katkay.at\/wp-content\/uploads\/2023\/05\/AdobeStock_427666102-1024x683.jpeg 1024w, https:\/\/www.katkay.at\/wp-content\/uploads\/2023\/05\/AdobeStock_427666102-scaled-600x401.jpeg 600w, https:\/\/www.katkay.at\/wp-content\/uploads\/2023\/05\/AdobeStock_427666102-300x200.jpeg 300w, https:\/\/www.katkay.at\/wp-content\/uploads\/2023\/05\/AdobeStock_427666102-768x513.jpeg 768w, https:\/\/www.katkay.at\/wp-content\/uploads\/2023\/05\/AdobeStock_427666102-1536x1025.jpeg 1536w, https:\/\/www.katkay.at\/wp-content\/uploads\/2023\/05\/AdobeStock_427666102-2048x1367.jpeg 2048w\" sizes=\"(max-width: 1024px) 100vw, 1024px\" \/><\/a><figcaption class=\"wp-element-caption\">Wohnungsschl\u00fcssel f\u00fcr neues Eigenheim<\/figcaption><\/figure>\n\n\n\n<p>Kommen Sie einfach auf uns zu und entspannen Sie ruhig, w\u00e4hrend wir Ihr Haus schl\u00fcsselfertig bauen.<\/p>\n\n\n\n<h1 class=\"wp-block-heading\"><strong>Hochbau<\/strong><\/h1>\n\n\n\n<p>Hochbau bezeichnet Bauarbeiten, bei denen der gr\u00f6\u00dfte Teil des Bauwerks \u00fcberhalb der Erdlinie entsteht. Hierzu z\u00e4hlen vor allem die Bauten von Geb\u00e4uden wie Wohnh\u00e4usern, klassische Einfamilienh\u00e4user oder T\u00fcrmen. Mit dem richtigen Partner, ist kein Bauprojekt unm\u00f6glich.<\/p>\n\n\n\n<p>KATKAY-Bau GmbH ist Ihr kompetenter Hochbaupartner in Wimpassing\/Leitha aus dem Burgenland.<\/p>\n\n\n\n<p>Gerne \u00fcbernehmen wir auch&nbsp;<strong>Regiearbeiten<\/strong>! Bei&nbsp;<strong>Regiearbeiten<\/strong>&nbsp;ist oft eine schnelle Fertigstellung der Arbeit notwendig \u2013 gerade daf\u00fcr sind wir Ihr kompetenter Partner. Auch unter Zeitdruck wickeln wir Projekte und&nbsp;<strong>Regiearbeiten<\/strong>&nbsp;termingerecht und professionell ab.&nbsp;<\/p>\n\n\n\n<p><\/p>\n\n\n\n<figure class=\"wp-block-image size-large\"><a href=\"https:\/\/www.katkay.at\/wp-content\/uploads\/2023\/05\/AdobeStock_179834465-scaled.jpeg\"><img decoding=\"async\" width=\"1024\" height=\"683\" src=\"https:\/\/www.katkay.at\/wp-content\/uploads\/2023\/05\/AdobeStock_179834465-1024x683.jpeg\" alt=\"\" class=\"wp-image-1264\" srcset=\"https:\/\/www.katkay.at\/wp-content\/uploads\/2023\/05\/AdobeStock_179834465-1024x683.jpeg 1024w, https:\/\/www.katkay.at\/wp-content\/uploads\/2023\/05\/AdobeStock_179834465-scaled-600x400.jpeg 600w, https:\/\/www.katkay.at\/wp-content\/uploads\/2023\/05\/AdobeStock_179834465-300x200.jpeg 300w, https:\/\/www.katkay.at\/wp-content\/uploads\/2023\/05\/AdobeStock_179834465-768x512.jpeg 768w, https:\/\/www.katkay.at\/wp-content\/uploads\/2023\/05\/AdobeStock_179834465-1536x1024.jpeg 1536w, https:\/\/www.katkay.at\/wp-content\/uploads\/2023\/05\/AdobeStock_179834465-2048x1365.jpeg 2048w\" sizes=\"(max-width: 1024px) 100vw, 1024px\" \/><\/a><\/figure>\n","protected":false},"excerpt":{"rendered":"<p>KATKAY-Bau GmbH aus Wimpassing\/Leitha ist Ihr kompetenter Partner f\u00fcr den Bau Ihrs schl\u00fcsselfertigen Hauses. Wir sorgen uns um Ihr Projekt, sodass Ihre Arbeit ab Auftragserteilung erst wieder mit dem Einzug beginnt. Kommen Sie einfach auf uns zu und entspannen Sie<\/p>\n","protected":false},"author":1,"featured_media":0,"parent":0,"menu_order":0,"comment_status":"closed","ping_status":"closed","template":"","meta":{"footnotes":""},"_links":{"self":[{"href":"https:\/\/www.katkay.at\/index.php?rest_route=\/wp\/v2\/pages\/1174"}],"collection":[{"href":"https:\/\/www.katkay.at\/index.php?rest_route=\/wp\/v2\/pages"}],"about":[{"href":"https:\/\/www.katkay.at\/index.php?rest_route=\/wp\/v2\/types\/page"}],"author":[{"embeddable":true,"href":"https:\/\/www.katkay.at\/index.php?rest_route=\/wp\/v2\/users\/1"}],"replies":[{"embeddable":true,"href":"https:\/\/www.katkay.at\/index.php?rest_route=%2Fwp%2Fv2%2Fcomments&post=1174"}],"version-history":[{"count":4,"href":"https:\/\/www.katkay.at\/index.php?rest_route=\/wp\/v2\/pages\/1174\/revisions"}],"predecessor-version":[{"id":1265,"href":"https:\/\/www.katkay.at\/index.php?rest_route=\/wp\/v2\/pages\/1174\/revisions\/1265"}],"wp:attachment":[{"href":"https:\/\/www.katkay.at\/index.php?rest_route=%2Fwp%2Fv2%2Fmedia&parent=1174"}],"curies":[{"name":"wp","href":"https:\/\/api.w.org\/{rel}","templated":true}]}}